{"id":932,"date":"2017-09-27T09:17:51","date_gmt":"2017-09-27T07:17:51","guid":{"rendered":"https:\/\/medienkompetenztag.de\/?page_id=932"},"modified":"2024-05-02T11:53:39","modified_gmt":"2024-05-02T09:53:39","slug":"aktion-anmelden-2017","status":"publish","type":"page","link":"https:\/\/medienkompetenztag.de\/?page_id=932","title":{"rendered":"Aktion anmelden"},"content":{"rendered":"<h1>Aktion f\u00fcr den Tag der Medienkompetenz anmelden<\/h1>\n<h3 class='azc_tsh_toggle' style='border: 1px solid #3bbbd2; '><a href='#' style=''>Wer kann eine Aktion rund um den Aktionstag anbieten?<\/a><\/h3><div class='azc_tsh_toggle_container' style='border: 1px solid #3bbbd2; '><\/p>\n<p>ALLE MEDIENP\u00c4DAGOGISCH AKTIVEN UND INTERESSIERTEN IM LAND<\/p>\n<ul>\n<li>die \u00f6ffentlich zug\u00e4ngliche medienp\u00e4dagogische Projekte, Workshops etc. anbieten<\/li>\n<li>die geschlossene medienp\u00e4dagogische Projekte, AGs etc. durchf\u00fchren (z.B. Schule, Hochschule)<\/li>\n<li>die Ideen, Strukturen und Entwickungen zur Medienbildung f\u00f6rdern oder umsetzen (z.B. Ministerien, \u00c4mter)<\/li>\n<li>die mit Expertisen, Forschungen oder Studien Fragen zum Themengebiet behandeln<\/li>\n<\/ul>\n<p>IM EINZELNEN SIND DAS<\/p>\n<ul>\n<li>Vereine, Freiberufler\/-innen, Selbst\u00e4ndige, Studierende<\/li>\n<li>Einrichtungen der Kinder- und Jugendhilfe, Jugend\u00e4mter<\/li>\n<li>Kitas, Schulen\/ Schulprojekte\/ AGs<\/li>\n<li>medienp\u00e4dagogische Berater\/-innen<\/li>\n<li>Ministerien, \u00c4mter<\/li>\n<li>Medienh\u00e4user mit Medienkompetenz-Projekten<\/li>\n<li>Hochschulen und\/ oder studentische Projekte mit Medienkompetenzbezug<\/li>\n<li>Bibliotheken<\/li>\n<li>Volkshochschulen mit Angeboten zur Medienkompetenzf\u00f6rderung<\/li>\n<li>Blogger, YouTuber etc.<\/li>\n<li>sonstige Organisationen, deren Ziel es ist, Medienkompetenz verschiedenster Zielgruppen zu f\u00f6rdern<\/li>\n<\/ul>\n<p><\/div>\n<h3 class='azc_tsh_toggle' style='border: 1px solid #3bbbd2; '><a href='#' style=''>Warum sollte ich mich oder unsere Einrichtung an diesen Aktionstag beteiligen?<\/a><\/h3><div class='azc_tsh_toggle_container' style='border: 1px solid #3bbbd2; '><br \/>\nMIT DEM AKTIONSTAG M\u00d6CHTEN WIR IHRER ARBEIT EINE BESONDERE AUFMERKSAMKEIT SCHENKEN!<\/p>\n<ul>\n<li>Es gilt einen Einblick in die Arbeit an einem Tag im Jahr zu geben. Der Aufwand darf gering gehalten werden: Zeigen, was l\u00e4uft!<\/li>\n<li>Kleine und junge Initiativen profitieren von der &#8222;Sichtbarkeit&#8220; bereits etablierter Angebote und umgekehrt.<\/li>\n<li>Aktivit\u00e4ten, die der \u00d6ffentichkeit noch nicht bekannt sind, werden bekannt und erfahren eine Wertsch\u00e4tzung.<\/li>\n<li>Die Bedeutung von Medienkompetenz als Alltagskompetenz kann nur gemeinsam zum Ausdruck gebracht werden.<\/li>\n<li>Herausforderungen zur Finanzierung und Etablierung von Angeboten k\u00f6nnen diskutiert und an Entscheidungstr\u00e4ger gerichtet werden.<\/li>\n<li>die k\u00fcnftigen Aktionstage k\u00f6nnen durch eine zentrale Veranstaltung erg\u00e4nzt werden \u2013 es gilt zu diskutieren, wie Ergebnisse, Erkenntnisse und Forderungen der Aktionstage zusammengetragen werden k\u00f6nnen.<\/li>\n<li>Ein breites Publikum erf\u00e4hrt, wie wichtig die F\u00f6rderung der Medienkompetenz aller Zielgruppen f\u00fcr die Gesellschaft ist.<\/li>\n<li>Sie k\u00f6nnen sich als kompetente Ansprechpartnerin\/ kompetenter Ansprechpartner zu Themen der Medienkompetenz vorstellen.<\/li>\n<li>Sie k\u00f6nnen sich als Akteur und somit wichtiger Teil des Netzwerks Medienkompetenz Sachsen-Anhalt zeigen.<\/li>\n<li>Sie erhalten von der Netzwerkstelle Medienkompetenz Sachsen-Anhalt Unterst\u00fctzung in der \u00d6ffentlichkeitsarbeit (Pressemitteilung, Bewerbung der jeweiligen Aktion und die Ver\u00f6ffentlichung der entstandenen Ergebnisse auf dieser Homepage).<\/li>\n<\/ul>\n<p><\/div>\n<h3 class='azc_tsh_toggle' style='border: 1px solid #3bbbd2; '><a href='#' style=''>Wann sollen die Aktionen angeboten werden?<br \/>\nWann sollen sie stattfinden?<br \/>\nWann k\u00f6nnen diese pr\u00e4sentiert werden?<\/a><\/h3><div class='azc_tsh_toggle_container' style='border: 1px solid #3bbbd2; '><\/p>\n<ul>\n<li>Alle Aktionen k\u00f6nnen vier Wochen vor dem Aktionstag hier beworben werden.<\/li>\n<li>Die Aktionen sollen m\u00f6glichst am Aktionstag, dem 14. November 2024 oder unmittelbar davor oder danach stattfinden.<\/li>\n<li><strong>Alle Ergebnisse k\u00f6nnen ab dem 15. November 2024 auf dieser Homepage pr\u00e4sentiert werden.<\/strong><br \/>\nDer Zeitpunkt ist abh\u00e4ngig von der Einreichung und vom Umfang des Materials.<\/li>\n<\/ul>\n<p><\/div>\n<h3 class='azc_tsh_toggle' style='border: 1px solid #3bbbd2; '><a href='#' style=''>Wie kann ich\/ k\u00f6nnen wir eine Aktion anmelden?<\/a><\/h3><div class='azc_tsh_toggle_container' style='border: 1px solid #3bbbd2; '><\/p>\n<ul>\n<li>\u00d6ffnen Sie das Formularfeld (<a href=\"https:\/\/medienkompetenztag.de\/?page_id=932\" target=\"_blank\" rel=\"noopener\">ANMELDUNG<\/a>) und tragen Sie alle erforderlichen Daten ein.<\/li>\n<li>Ihre Aktion wird nach Freischaltung in die \u201eListe der Aktionen\u201c aufgenommen.<\/li>\n<\/ul>\n<p><\/div>\n<h3 class='azc_tsh_toggle' style='border: 1px solid #3bbbd2; '><a href='#' style=''>Was f\u00fcr Aktionen kann ich\/ k\u00f6nnen wir anmelden?<\/a><\/h3><div class='azc_tsh_toggle_container' style='border: 1px solid #3bbbd2; '><\/p>\n<ul>\n<li>Workshops, Vortr\u00e4ge, Schulungen, Kreativaktionen oder Mitmachaktionen f\u00fcr unterschiedliche Zielgruppen als Online- oder Pr\u00e4senzveranstaltung<\/li>\n<li>eine Themenrunde\/ Diskussionsrunde zur Relevanz medienp\u00e4dagogischer Angebote im Land<\/li>\n<li>einen \u201eTag der offenen T\u00fcr\u201c, um bspw. Schulen und Vereinen aus der Umgebung einen Einblick in die Medienkompetenz-Angebote zu geben<\/li>\n<li>einen Sende-Beitrag in den B\u00fcrgermedien zum Aktionstag bzw. zum Thema &#8222;Medienkompetenz&#8220; (Radio\/ TV)<\/li>\n<li>einen thematischen Internetbeitrag (z. B. Blog, YouTube etc.)<\/li>\n<li>Semibararbeiten, Abschlussarbeiten<\/li>\n<li>Vorstellung von Konzepten, Projektvorhaben, Strukturen oder Entwicklungen, welche die Medienbildung in der Breite erm\u00f6glichen (z.B. als Konzeptbaustein zum Download).<\/li>\n<\/ul>\n<p><\/div>\n<h3 class='azc_tsh_toggle' style='border: 1px solid #3bbbd2; '><a href='#' style=''>Wo kann die Aktion stattfinden?<\/a><\/h3><div class='azc_tsh_toggle_container' style='border: 1px solid #3bbbd2; '><\/p>\n<ul>\n<li>an ihrer Einrichtung<\/li>\n<li>vor Ort auf Einsatz bspw. an einer Schule<\/li>\n<li>an sonstigen Bildungseinrichtungen und Orten, an denen eine \u00f6ffentliche Aufmerksamkeit erreicht werden kann<\/li>\n<li>im Internet<\/li>\n<\/ul>\n<p><\/div>\n<h3 class='azc_tsh_toggle' style='border: 1px solid #3bbbd2; '><a href='#' style=''>F\u00fcr wen kann ich\/k\u00f6nnen wir etwas anbieten?<\/a><\/h3><div class='azc_tsh_toggle_container' style='border: 1px solid #3bbbd2; '><\/p>\n<p>f\u00fcr alle Zielgruppen:<\/p>\n<ul>\n<li>Kinder, Jugendliche, Erwachsene, Senioren<\/li>\n<li>Menschen mit und ohne Beeintr\u00e4chtigung<\/li>\n<li>Personen unterschiedlicher soziokultureller Herkunft<\/li>\n<\/ul>\n<p><\/div>\n<h2><\/h2>\n<h2>Anmeldeformular<\/h2>\n<p>Bitte melden Sie ihre Aktion bis sp\u00e4testens 13. November 2024 \u00fcber das Anmeldeformular an:<\/p>\n<ul>\n<li>Alle Felder sind vollst\u00e4ndig auszuf\u00fcllen! Mehrfachangaben sind m\u00f6glich.<\/li>\n<li>Je eher Sie Ihre Aktion eintragen, umso gr\u00f6\u00dfer sind die Chancen, dass Interessierte in Ihrem Umfeld \u00fcber diese Website auf ihr Angebot aufmerksam werden.<\/li>\n<li>Nach Eingang Ihrer Anmeldung erhalten Sie per Mail eine Best\u00e4tigung, dass Ihre Anmeldung bei uns eingegangen ist. Nach Pr\u00fcfung wird Ihre Aktion freigeschaltet.<\/li>\n<li>Bei Fragen zur Anmeldung und Umsetzung der Aktion hilft Ihnen die Netzwerkstelle Medienkompetenz Sachsen-Anhalt gerne weiter. <a href=\"https:\/\/medienkompetenztag.de\/#footer\">Kontakt<\/a><\/li>\n<\/ul>\n\n<div class=\"wpcf7 no-js\" id=\"wpcf7-f18-o1\" lang=\"de-DE\" dir=\"ltr\" data-wpcf7-id=\"18\">\n<div class=\"screen-reader-response\"><p role=\"status\" aria-live=\"polite\" aria-atomic=\"true\"><\/p> <ul><\/ul><\/div>\n<form action=\"\/index.php?rest_route=%2Fwp%2Fv2%2Fpages%2F932#wpcf7-f18-o1\" method=\"post\" class=\"wpcf7-form init form contact-form\" aria-label=\"Kontaktformular\" enctype=\"multipart\/form-data\" novalidate=\"novalidate\" data-status=\"init\">\n<fieldset class=\"hidden-fields-container\"><input type=\"hidden\" name=\"_wpcf7\" value=\"18\" \/><input type=\"hidden\" name=\"_wpcf7_version\" value=\"6.1.5\" \/><input type=\"hidden\" name=\"_wpcf7_locale\" value=\"de_DE\" \/><input type=\"hidden\" name=\"_wpcf7_unit_tag\" value=\"wpcf7-f18-o1\" \/><input type=\"hidden\" name=\"_wpcf7_container_post\" value=\"0\" \/><input type=\"hidden\" name=\"_wpcf7_posted_data_hash\" value=\"\" \/>\n<\/fieldset>\n<p><label>Name der Einrichtung\/Person<br \/>\n<span class=\"wpcf7-form-control-wrap\" data-name=\"veranstalter\"><input size=\"40\" maxlength=\"400\" class=\"wpcf7-form-control wpcf7-text wpcf7-validates-as-required\" aria-required=\"true\" aria-invalid=\"false\" value=\"\" type=\"text\" name=\"veranstalter\" \/><\/span><\/label>\n<\/p>\n<p><label>Ansprechperson (f\u00fcr Interessentengruppen und f\u00fcr Presse)<\/label><br \/>\n<span class=\"wpcf7-form-control-wrap\" data-name=\"ansprechpartner\"><input size=\"40\" maxlength=\"400\" class=\"wpcf7-form-control wpcf7-text wpcf7-validates-as-required\" aria-required=\"true\" aria-invalid=\"false\" value=\"\" type=\"text\" name=\"ansprechpartner\" \/><\/span>\n<\/p>\n<p><label>Titel der Aktion<br \/>\n<span class=\"wpcf7-form-control-wrap\" data-name=\"post_title\"><input size=\"40\" maxlength=\"400\" class=\"wpcf7-form-control wpcf7-text wpcf7-validates-as-required\" aria-required=\"true\" aria-invalid=\"false\" value=\"\" type=\"text\" name=\"post_title\" \/><\/span><\/label>\n<\/p>\n<p><label>Art der Aktion (Mehrfachauswahl):<\/label><br \/>\n<span class=\"wpcf7-form-control-wrap\" data-name=\"art\"><span class=\"wpcf7-form-control wpcf7-checkbox\"><span class=\"wpcf7-list-item first\"><input type=\"checkbox\" name=\"art[]\" value=\"thematischer Workshop\" \/><span class=\"wpcf7-list-item-label\">thematischer Workshop<\/span><\/span><span class=\"wpcf7-list-item\"><input type=\"checkbox\" name=\"art[]\" value=\"thematischer Vortrag\" \/><span class=\"wpcf7-list-item-label\">thematischer Vortrag<\/span><\/span><span class=\"wpcf7-list-item\"><input type=\"checkbox\" name=\"art[]\" value=\"thematische Schulung\" \/><span class=\"wpcf7-list-item-label\">thematische Schulung<\/span><\/span><span class=\"wpcf7-list-item\"><input type=\"checkbox\" name=\"art[]\" value=\"Gespr\u00e4chsrunde\/Diskussionsrunde\" \/><span class=\"wpcf7-list-item-label\">Gespr\u00e4chsrunde\/Diskussionsrunde<\/span><\/span><span class=\"wpcf7-list-item\"><input type=\"checkbox\" name=\"art[]\" value=\"Elterncaf\u00e9 zu ausgew\u00e4hltem Thema\" \/><span class=\"wpcf7-list-item-label\">Elterncaf\u00e9 zu ausgew\u00e4hltem Thema<\/span><\/span><span class=\"wpcf7-list-item\"><input type=\"checkbox\" name=\"art[]\" value=\"Jugendcaf\u00e9 zu ausgew\u00e4hltem Thema\" \/><span class=\"wpcf7-list-item-label\">Jugendcaf\u00e9 zu ausgew\u00e4hltem Thema<\/span><\/span><span class=\"wpcf7-list-item\"><input type=\"checkbox\" name=\"art[]\" value=\"Seniorencaf\u00e9 zu ausgew\u00e4hltem Thema\" \/><span class=\"wpcf7-list-item-label\">Seniorencaf\u00e9 zu ausgew\u00e4hltem Thema<\/span><\/span><span class=\"wpcf7-list-item\"><input type=\"checkbox\" name=\"art[]\" value=\"Ausstellung\" \/><span class=\"wpcf7-list-item-label\">Ausstellung<\/span><\/span><span class=\"wpcf7-list-item\"><input type=\"checkbox\" name=\"art[]\" value=\"Gewinnspiel\" \/><span class=\"wpcf7-list-item-label\">Gewinnspiel<\/span><\/span><span class=\"wpcf7-list-item\"><input type=\"checkbox\" name=\"art[]\" value=\"Umfrage\" \/><span class=\"wpcf7-list-item-label\">Umfrage<\/span><\/span><span class=\"wpcf7-list-item\"><input type=\"checkbox\" name=\"art[]\" value=\"Wettbewerb\" \/><span class=\"wpcf7-list-item-label\">Wettbewerb<\/span><\/span><span class=\"wpcf7-list-item\"><input type=\"checkbox\" name=\"art[]\" value=\"\u201eTag der offenen T\u00fcr\u201c an der Einrichtung f\u00fcr alle Interessenten als Einblick in die t\u00e4gliche Arbeit\" \/><span class=\"wpcf7-list-item-label\">\u201eTag der offenen T\u00fcr\u201c an der Einrichtung f\u00fcr alle Interessenten als Einblick in die t\u00e4gliche Arbeit<\/span><\/span><span class=\"wpcf7-list-item\"><input type=\"checkbox\" name=\"art[]\" value=\"Sende-Beitrag\" \/><span class=\"wpcf7-list-item-label\">Sende-Beitrag<\/span><\/span><span class=\"wpcf7-list-item\"><input type=\"checkbox\" name=\"art[]\" value=\"Online-Seminar\" \/><span class=\"wpcf7-list-item-label\">Online-Seminar<\/span><\/span><span class=\"wpcf7-list-item last\"><input type=\"checkbox\" name=\"art[]\" value=\"Sonstiges\" \/><span class=\"wpcf7-list-item-label\">Sonstiges<\/span><\/span><\/span><\/span>\n<\/p>\n<p><label>Sonstige Aktion<br \/>\n<span class=\"wpcf7-form-control-wrap\" data-name=\"sonstigeaktion\"><input size=\"40\" maxlength=\"400\" class=\"wpcf7-form-control wpcf7-text\" aria-invalid=\"false\" value=\"\" type=\"text\" name=\"sonstigeaktion\" \/><\/span><\/label>\n<\/p>\n<p><label>Aktionsbeschreibung (max. 500 Zeichen)<br \/>\n<span class=\"wpcf7-form-control-wrap\" data-name=\"post_content\"><textarea cols=\"40\" rows=\"10\" maxlength=\"2000\" class=\"wpcf7-form-control wpcf7-textarea\" aria-invalid=\"false\" name=\"post_content\"><\/textarea><\/span><\/label>\n<\/p>\n<p><label>Die Veranstaltung findet statt am\/um\/bis<br \/>\n<span class=\"wpcf7-form-control-wrap\" data-name=\"wann\"><input size=\"40\" maxlength=\"400\" class=\"wpcf7-form-control wpcf7-text wpcf7-validates-as-required\" aria-required=\"true\" aria-invalid=\"false\" value=\"\" type=\"text\" name=\"wann\" \/><\/span><\/label>\n<\/p>\n<p><label>Wo findet die Aktion statt?<\/label><br \/>\n<span class=\"wpcf7-form-control-wrap\" data-name=\"checkbox-427\"><span class=\"wpcf7-form-control wpcf7-checkbox wpcf7-validates-as-required\"><span class=\"wpcf7-list-item first\"><label><input type=\"checkbox\" name=\"checkbox-427[]\" value=\"Online\" \/><span class=\"wpcf7-list-item-label\">Online<\/span><\/label><\/span><span class=\"wpcf7-list-item last\"><label><input type=\"checkbox\" name=\"checkbox-427[]\" value=\"vor Ort\" \/><span class=\"wpcf7-list-item-label\">vor Ort<\/span><\/label><\/span><\/span><\/span><br \/>\nStra\u00dfe,Nr <span class=\"wpcf7-form-control-wrap\" data-name=\"wo_str\"><input size=\"40\" maxlength=\"400\" class=\"wpcf7-form-control wpcf7-text wpcf7-validates-as-required\" aria-required=\"true\" aria-invalid=\"false\" value=\"\" type=\"text\" name=\"wo_str\" \/><\/span><br \/>\nPLZ <span class=\"wpcf7-form-control-wrap\" data-name=\"wo_plz\"><input size=\"40\" maxlength=\"400\" class=\"wpcf7-form-control wpcf7-text wpcf7-validates-as-required\" aria-required=\"true\" aria-invalid=\"false\" value=\"\" type=\"text\" name=\"wo_plz\" \/><\/span><br \/>\nOrt <span class=\"wpcf7-form-control-wrap\" data-name=\"wo_ort\"><input size=\"40\" maxlength=\"400\" class=\"wpcf7-form-control wpcf7-text wpcf7-validates-as-required\" aria-required=\"true\" aria-invalid=\"false\" value=\"\" type=\"text\" name=\"wo_ort\" \/><\/span>\n<\/p>\n<p><label>Zielgruppe der Aktion \u2013 Wer wird angesprochen?<br \/>\n<span class=\"wpcf7-form-control-wrap\" data-name=\"zielgruppe\"><input size=\"40\" maxlength=\"400\" class=\"wpcf7-form-control wpcf7-text wpcf7-validates-as-required\" aria-required=\"true\" aria-invalid=\"false\" value=\"\" type=\"text\" name=\"zielgruppe\" \/><\/span><\/label>\n<\/p>\n<p><label>Wird eine Anmeldung ben\u00f6tigt? Was m\u00f6chten Sie den Interessenten zur Aktion mitteilen?<\/label><br \/>\n<span class=\"wpcf7-form-control-wrap\" data-name=\"rstatus\"><span class=\"wpcf7-form-control wpcf7-radio\"><span class=\"wpcf7-list-item first\"><input type=\"radio\" name=\"rstatus\" value=\"Sie m\u00fcssen sich f\u00fcr diese Aktion anmelden. Bitte nehmen Sie mit mir\/mit uns Kontakt auf!\" checked=\"checked\" \/><span class=\"wpcf7-list-item-label\">Sie m\u00fcssen sich f\u00fcr diese Aktion anmelden. Bitte nehmen Sie mit mir\/mit uns Kontakt auf!<\/span><\/span><span class=\"wpcf7-list-item\"><input type=\"radio\" name=\"rstatus\" value=\"Die Teilnehmenden f\u00fcr die Aktion stehen bereits fest, eine Anmeldung ist leider nicht mehr m\u00f6glich.\" \/><span class=\"wpcf7-list-item-label\">Die Teilnehmenden f\u00fcr die Aktion stehen bereits fest, eine Anmeldung ist leider nicht mehr m\u00f6glich.<\/span><\/span><span class=\"wpcf7-list-item\"><input type=\"radio\" name=\"rstatus\" value=\"Wir begr\u00fc\u00dfen Sie am 14. November 2024 zu unserem Aktionsangebot. Eine Anmeldung ist nicht erforderlich.\" \/><span class=\"wpcf7-list-item-label\">Wir begr\u00fc\u00dfen Sie am 14. November 2024 zu unserem Aktionsangebot. Eine Anmeldung ist nicht erforderlich.<\/span><\/span><span class=\"wpcf7-list-item last\"><input type=\"radio\" name=\"rstatus\" value=\"Sonstiges\" \/><span class=\"wpcf7-list-item-label\">Sonstiges<\/span><\/span><\/span><\/span>\n<\/p>\n<p><label>Sonstiges<br \/>\n<span class=\"wpcf7-form-control-wrap\" data-name=\"status_sonstiges\"><input size=\"40\" maxlength=\"400\" class=\"wpcf7-form-control wpcf7-text\" aria-invalid=\"false\" value=\"\" type=\"text\" name=\"status_sonstiges\" \/><\/span><\/label>\n<\/p>\n<p><label>Foto zur Einrichtung oder zur Aktion<br \/>\n(Bitte laden Sie ein Foto in der Gr\u00f6\u00dfe 500px x 500px hoch, um f\u00fcr die Nutzer besser sichtbar zu sein, alternativ wird ein Platzhalter benutzt, max. 4MB, RGB, png|jpg|gif|jpeg)<br \/>\n<span class=\"wpcf7-form-control-wrap\" data-name=\"your-file\"><input size=\"40\" class=\"wpcf7-form-control wpcf7-file\" accept=\".png,.jpg,.gif,.jpeg\" aria-invalid=\"false\" type=\"file\" name=\"your-file\" \/><\/span><\/label>\n<\/p>\n<p><label>Logo Ihrer Einrichtung oder Aktion<br \/>\n(Bitte laden Sie ein Logo der Gr\u00f6\u00dfe 500px x 500px hoch, max. 4MB, RGB, png|jpg|gif|jpeg)<br \/>\n<span class=\"wpcf7-form-control-wrap\" data-name=\"your-file-two\"><input size=\"40\" class=\"wpcf7-form-control wpcf7-file\" accept=\".png,.jpg,.gif,.jpeg\" aria-invalid=\"false\" type=\"file\" name=\"your-file-two\" \/><\/span><\/label>\n<\/p>\n<p><label>Adresse, PLZ, Ort (Veranstalter:in)<br \/>\n<span class=\"wpcf7-form-control-wrap\" data-name=\"kontaktadresse\"><textarea cols=\"40\" rows=\"10\" maxlength=\"2000\" class=\"wpcf7-form-control wpcf7-textarea wpcf7-validates-as-required\" aria-required=\"true\" aria-invalid=\"false\" name=\"kontaktadresse\"><\/textarea><\/span><\/label>\n<\/p>\n<p><label>Telefonnummer<br \/>\n<span class=\"wpcf7-form-control-wrap\" data-name=\"phone\"><input size=\"40\" maxlength=\"400\" class=\"wpcf7-form-control wpcf7-text wpcf7-validates-as-required\" aria-required=\"true\" aria-invalid=\"false\" value=\"\" type=\"text\" name=\"phone\" \/><\/span> <\/label>\n<\/p>\n<p><label> E-Mail<br \/>\n<span class=\"wpcf7-form-control-wrap\" data-name=\"your-email\"><input size=\"40\" maxlength=\"400\" class=\"wpcf7-form-control wpcf7-email wpcf7-validates-as-required wpcf7-text wpcf7-validates-as-email\" aria-required=\"true\" aria-invalid=\"false\" value=\"\" type=\"email\" name=\"your-email\" \/><\/span> <\/label>\n<\/p>\n<p><label>Internetseite<br \/>\n<span class=\"wpcf7-form-control-wrap\" data-name=\"website\"><input size=\"40\" maxlength=\"400\" class=\"wpcf7-form-control wpcf7-text\" aria-invalid=\"false\" value=\"\" type=\"text\" name=\"website\" \/><\/span> <\/label>\n<\/p>\n<p><label>Anmerkungen (max. 500 Zeichen)<br \/>\n<span class=\"wpcf7-form-control-wrap\" data-name=\"anmerkungen\"><textarea cols=\"40\" rows=\"10\" maxlength=\"2000\" class=\"wpcf7-form-control wpcf7-textarea\" aria-invalid=\"false\" name=\"anmerkungen\"><\/textarea><\/span><\/label>\n<\/p>\n<p><label>Datenschutzerkl\u00e4rung: Ihre pers\u00f6nlichen Daten verwenden wir nur zu dem Zweck, zu dem Sie uns die Daten \u00fcberlassen haben. Alle Angaben, die Sie in diesem Formular machen, dienen der Kontaktaufnahme durch Interessenten\/-innen und sind auf dieser Internetseite \u00f6ffentlich sichtbar. Dar\u00fcber hinaus unterliegen Ihre pers\u00f6nlichen Daten einem hohen Schutz, den wir durch technische und organisatorische Ma\u00dfnahmen gew\u00e4hrleisten. Hierzu geh\u00f6rt, dass keine Datenweitergabe an Dritte erfolgt, ohne dass die Betroffenen dem zugestimmt h\u00e4tten, au\u00dfer gesetzliche Bestimmungen verlangen die Weitergabe.<br \/>\n<span class=\"wpcf7-form-control-wrap\" data-name=\"datenschutz\"><span class=\"wpcf7-form-control wpcf7-acceptance\"><span class=\"wpcf7-list-item\"><input type=\"checkbox\" name=\"datenschutz\" value=\"1\" aria-invalid=\"false\" \/><\/span><\/span><\/span> Ich bin mit den <a href=\"https:\/\/medienkompetenztag.de\/?page_id=1232\" target=\"_blank\" rel=\"noopener\">Datenschutzrichtlinien <\/a> einverstanden.<\/label>\n<\/p>\n<p><input type=\"hidden\" name=\"append_to_post\" value=\"true\" \/><br \/>\nBitte \u00fcberpr\u00fcfen Sie Ihre Angaben, bevor Sie auf \"Senden\" dr\u00fccken. Die Daten werden sofort \u00fcbermittelt.<br \/>\n<input class=\"wpcf7-form-control wpcf7-submit has-spinner\" type=\"submit\" value=\"Senden\" \/>\n<\/p><p style=\"display: none !important;\" class=\"akismet-fields-container\" data-prefix=\"_wpcf7_ak_\"><label>&#916;<textarea name=\"_wpcf7_ak_hp_textarea\" cols=\"45\" rows=\"8\" maxlength=\"100\"><\/textarea><\/label><input type=\"hidden\" id=\"ak_js_1\" name=\"_wpcf7_ak_js\" value=\"8\"\/><script>document.getElementById( \"ak_js_1\" ).setAttribute( \"value\", ( new Date() ).getTime() );<\/script><\/p><div class=\"wpcf7-response-output\" aria-hidden=\"true\"><\/div>\n<\/form>\n<\/div>\n\n<p>Bei Fragen zur Anmeldung und Umsetzung der Aktion hilft Ihnen die Netzwerkstelle Medienkompetenz Sachsen-Anhalt gerne weiter.<\/p>\n<p>Netzwerkstelle Medienkompetenz Sachsen-Anhalt<br \/>\nAlexander Karpilowski<br \/>\nE-Mail: kontakt@medien-kompetenz-netzwerk.de<br \/>\nTelefon: +49 (0345) 52 13 136<br \/>\nFax: +49 (0345) 52 55 121<\/p>\n<p>Postanschrift:<\/p>\n<p>Netzwerk Medienkompetenz Sachsen-Anhalt<br \/>\nReichardtstra\u00dfe 8<br \/>\n06114 Halle (Saale)<\/p>\n","protected":false},"excerpt":{"rendered":"<p>Aktion f\u00fcr den Tag der Medienkompetenz anmelden Anmeldeformular Bitte melden Sie ihre Aktion bis sp\u00e4testens 13. November 2024 \u00fcber das Anmeldeformular an: Alle Felder sind vollst\u00e4ndig auszuf\u00fcllen! Mehrfachangaben sind m\u00f6glich. Je eher Sie Ihre Aktion eintragen, umso gr\u00f6\u00dfer sind die Chancen, dass Interessierte in Ihrem Umfeld \u00fcber diese Website auf ihr Angebot aufmerksam werden. Nach<a href=\"https:\/\/medienkompetenztag.de\/?page_id=932\">[&#8230;]<\/a><\/p>\n","protected":false},"author":2,"featured_media":0,"parent":0,"menu_order":0,"comment_status":"closed","ping_status":"closed","template":"template-fullwidth-no-title.php","meta":{"footnotes":""},"class_list":["post-932","page","type-page","status-publish","hentry"],"_links":{"self":[{"href":"https:\/\/medienkompetenztag.de\/index.php?rest_route=\/wp\/v2\/pages\/932","targetHints":{"allow":["GET"]}}],"collection":[{"href":"https:\/\/medienkompetenztag.de\/index.php?rest_route=\/wp\/v2\/pages"}],"about":[{"href":"https:\/\/medienkompetenztag.de\/index.php?rest_route=\/wp\/v2\/types\/page"}],"author":[{"embeddable":true,"href":"https:\/\/medienkompetenztag.de\/index.php?rest_route=\/wp\/v2\/users\/2"}],"replies":[{"embeddable":true,"href":"https:\/\/medienkompetenztag.de\/index.php?rest_route=%2Fwp%2Fv2%2Fcomments&post=932"}],"version-history":[{"count":39,"href":"https:\/\/medienkompetenztag.de\/index.php?rest_route=\/wp\/v2\/pages\/932\/revisions"}],"predecessor-version":[{"id":5274,"href":"https:\/\/medienkompetenztag.de\/index.php?rest_route=\/wp\/v2\/pages\/932\/revisions\/5274"}],"wp:attachment":[{"href":"https:\/\/medienkompetenztag.de\/index.php?rest_route=%2Fwp%2Fv2%2Fmedia&parent=932"}],"curies":[{"name":"wp","href":"https:\/\/api.w.org\/{rel}","templated":true}]}}