{"id":65,"date":"2016-09-29T11:05:42","date_gmt":"2016-09-29T09:05:42","guid":{"rendered":"https:\/\/medienkompetenztag.de\/?page_id=65"},"modified":"2020-10-19T14:37:37","modified_gmt":"2020-10-19T12:37:37","slug":"impressum-datenschutz-agb","status":"publish","type":"page","link":"https:\/\/medienkompetenztag.de\/?page_id=65","title":{"rendered":"Impressum, Datenschutz &#038; AGB"},"content":{"rendered":"<h2>Impressum<\/h2>\n<p>Die Internetpr\u00e4senz \u201ehttps:\/\/medienkompetenztag.de\u201c wird redaktionell betreut von:<\/p>\n<p><strong>Netzwerk Medienkompetenz Sachsen-Anhalt<\/strong><\/p>\n<p>Ein Projekt der Medienanstalt Sachsen-Anhalt und des Landes Sachsen-Anhalt.<\/p>\n<p><strong>Verantwortlich f\u00fcr den angebotenen Inhalt, Redaktion und Design<\/strong><\/p>\n<p>Alexander Karpilowski<\/p>\n<p>E-Mail: <a href=\"mailto:kontakt@medien-kompetenz-netzwerk.de\">kontakt@medien-kompetenz-netzwerk.de<\/a><\/p>\n<p><strong>Postanschrift<\/strong><\/p>\n<p>Netzwerk Medienkompetenz Sachsen-Anhalt<br \/>\nReichardtstra\u00dfe 9<br \/>\n06114 Halle (Saale)<br \/>\nTelefon: +49 (0345) 52 55 0<br \/>\nFax: +49 (0345) 52 55 121<br \/>\nE-Mail: <a href=\"mailto:kontakt@medien-kompetenz-netzwerk.de\">kontakt@medien-kompetenz-netzwerk.de<\/a><\/p>\n<p><strong>Design und Umsetzung:<\/strong><\/p>\n<p>SORGE &#8211; Agentur f\u00fcr visuelle Kommunikation<br \/>\nAlexander Sorge | http:\/\/www.alexander-sorge.de<\/p>\n<p><strong>Rechtliche Hinweise<\/strong><\/p>\n<p>1. Inhalt des Onlineangebotes<\/p>\n<p>Der Anbieter \u00fcbernimmt keinerlei Gew\u00e4hr f\u00fcr die Aktualit\u00e4t, Korrektheit, Vollst\u00e4ndigkeit oder Qualit\u00e4t der bereitgestellten Informationen. Haftungsanspr\u00fcche gegen den Anbieter, welche sich auf Sch\u00e4den materieller oder ideeller Art beziehen, die durch die Nutzung oder Nichtnutzung der dargebotenen Informationen bzw. durch die Nutzung fehlerhafter und unvollst\u00e4ndiger Informationen verursacht wurden, sind grunds\u00e4tzlich ausgeschlossen, sofern seitens des Anbieters kein nachweislich vors\u00e4tzliches oder grob fahrl\u00e4ssiges Verschulden vorliegt.<\/p>\n<p>Alle Angebote sind freibleibend und unverbindlich. Der Anbieter beh\u00e4lt es sich ausdr\u00fccklich vor, Teile der Seiten oder das gesamte Angebot ohne gesonderte Ank\u00fcndigung zu ver\u00e4ndern, zu erg\u00e4nzen, zu l\u00f6schen oder die Ver\u00f6ffentlichung zeitweise oder endg\u00fcltig einzustellen.<\/p>\n<p>2. Verweise und Links<\/p>\n<p>Bei direkten oder indirekten Verweisen auf fremde Webseiten (&#8222;Hyperlinks&#8220;), die au\u00dferhalb des Verantwortungsbereiches des Anbieters liegen, w\u00fcrde eine Haftungsverpflichtung ausschlie\u00dflich in dem Fall in Kraft treten, in dem der Anbieter von den Inhalten Kenntnis hat und es ihm technisch m\u00f6glich und zumutbar w\u00e4re, die Nutzung im Falle rechtswidriger Inhalte zu verhindern.<\/p>\n<p>Der Anbieter erkl\u00e4rt hiermit ausdr\u00fccklich, dass zum Zeitpunkt der Linksetzung keine illegalen Inhalte auf den zu verlinkenden Seiten erkennbar waren. Auf die aktuelle und zuk\u00fcnftige Gestaltung, die Inhalte oder die Urheberschaft der verlinkten\/verkn\u00fcpften Seiten hat der Anbieter keinerlei Einfluss. Deshalb distanziert er sich hiermit ausdr\u00fccklich von allen Inhalten aller verlinkten \/verkn\u00fcpften Seiten, die nach der Linksetzung ver\u00e4ndert wurden. Diese Feststellung gilt f\u00fcr alle innerhalb des eigenen Internetangebotes gesetzten Links und Verweise sowie f\u00fcr Fremdeintr\u00e4ge in vom Anbieter eingerichteten G\u00e4steb\u00fcchern, Diskussionsforen, Linkverzeichnissen, Mailinglisten und in allen anderen Formen von Datenbanken, auf deren Inhalt externe Schreibzugriffe m\u00f6glich sind. F\u00fcr illegale, fehlerhafte oder unvollst\u00e4ndige Inhalte und insbesondere f\u00fcr Sch\u00e4den, die aus der Nutzung oder Nichtnutzung solcherart dargebotener Informationen entstehen, haftet allein der Anbieter der Seite, auf welche verwiesen wurde, nicht derjenige, der \u00fcber Links auf die jeweilige Ver\u00f6ffentlichung lediglich verweist.<\/p>\n<p>3. Urheber- und Kennzeichenrecht<\/p>\n<p>Inhalt und Struktur der Website sind urheberrechtlich gesch\u00fctzt. Die Vervielf\u00e4ltigung s\u00e4mtlicher Inhalte und Strukturelemente, insbesondere Texte, Textteile, Bildmaterial, Grafiken und Designelemente, soweit sie schutzf\u00e4hig im Sinne des deutschen Urheberrechts sind, zu anderem als zum privaten oder sonstigen eigenen Gebrauch sowie deren Verbreitung und Ver\u00f6ffentlichung bedarf der vorherigen schriftlichen Zustimmung der Medienanstalt Sachsen-Anhalt.<\/p>\n<p>4. Verwendung von Daten<\/p>\n<p>Die im Rahmen des Impressums oder vergleichbarer Angaben ver\u00f6ffentlichten Kontaktdaten wie Postanschriften, Telefon- und Faxnummern sowie Emailadressen dienen ausschlie\u00dflich der Kontaktaufnahme. Eine Verwendung durch Dritte zur \u00dcbersendung von nicht ausdr\u00fccklich angeforderten Informationen ist nicht gestattet. Rechtliche Schritte gegen die Versender von sogenannten Spam-Mails bei Verst\u00f6\u00dfen gegen dieses Verbot sind ausdr\u00fccklich vorbehalten.<\/p>\n<p>Sofern innerhalb des Internetangebotes die M\u00f6glichkeit zur Eingabe pers\u00f6nlicher oder gesch\u00e4ftlicher Daten (Emailadressen, Namen, Anschriften) besteht, so erfolgt die Preisgabe dieser Daten seitens des Nutzers auf ausdr\u00fccklich freiwilliger Basis.<\/p>\n<p>5. Rechtswirksamkeit dieses Haftungsausschlusses<\/p>\n<p>Dieser Haftungsausschluss ist als Teil des Internetangebotes zu betrachten, von dem aus auf diese Seite verwiesen wurde. Sofern Teile oder einzelne Formulierungen dieses Textes der geltenden Rechtslage nicht, nicht mehr oder nicht vollst\u00e4ndig entsprechen sollten, bleiben die \u00fcbrigen Teile des Dokumentes in ihrem Inhalt und ihrer G\u00fcltigkeit davon unber\u00fchrt.<\/p>\n<p><strong>\u00a9 Netzwerk Medienkompetenz Sachsen-Anhalt 2020<\/strong><\/p>\n","protected":false},"excerpt":{"rendered":"<p>Impressum Die Internetpr\u00e4senz \u201ehttps:\/\/medienkompetenztag.de\u201c wird redaktionell betreut von: Netzwerk Medienkompetenz Sachsen-Anhalt Ein Projekt der Medienanstalt Sachsen-Anhalt und des Landes Sachsen-Anhalt. Verantwortlich f\u00fcr den angebotenen Inhalt, Redaktion und Design Alexander Karpilowski E-Mail: kontakt@medien-kompetenz-netzwerk.de Postanschrift Netzwerk Medienkompetenz Sachsen-Anhalt Reichardtstra\u00dfe 9 06114 Halle (Saale) Telefon: +49 (0345) 52 55 0 Fax: +49 (0345) 52 55 121 E-Mail: kontakt@medien-kompetenz-netzwerk.de<a href=\"https:\/\/medienkompetenztag.de\/?page_id=65\">[&#8230;]<\/a><\/p>\n","protected":false},"author":1,"featured_media":0,"parent":0,"menu_order":0,"comment_status":"closed","ping_status":"closed","template":"template-fullwidth-no-title.php","meta":{"footnotes":""},"class_list":["post-65","page","type-page","status-publish","hentry"],"_links":{"self":[{"href":"https:\/\/medienkompetenztag.de\/index.php?rest_route=\/wp\/v2\/pages\/65","targetHints":{"allow":["GET"]}}],"collection":[{"href":"https:\/\/medienkompetenztag.de\/index.php?rest_route=\/wp\/v2\/pages"}],"about":[{"href":"https:\/\/medienkompetenztag.de\/index.php?rest_route=\/wp\/v2\/types\/page"}],"author":[{"embeddable":true,"href":"https:\/\/medienkompetenztag.de\/index.php?rest_route=\/wp\/v2\/users\/1"}],"replies":[{"embeddable":true,"href":"https:\/\/medienkompetenztag.de\/index.php?rest_route=%2Fwp%2Fv2%2Fcomments&post=65"}],"version-history":[{"count":9,"href":"https:\/\/medienkompetenztag.de\/index.php?rest_route=\/wp\/v2\/pages\/65\/revisions"}],"predecessor-version":[{"id":2170,"href":"https:\/\/medienkompetenztag.de\/index.php?rest_route=\/wp\/v2\/pages\/65\/revisions\/2170"}],"wp:attachment":[{"href":"https:\/\/medienkompetenztag.de\/index.php?rest_route=%2Fwp%2Fv2%2Fmedia&parent=65"}],"curies":[{"name":"wp","href":"https:\/\/api.w.org\/{rel}","templated":true}]}}